{"id":2,"date":"2022-12-16T11:41:39","date_gmt":"2022-12-16T10:41:39","guid":{"rendered":"http:\/\/dykalska.com\/?page_id=2"},"modified":"2025-11-22T16:45:06","modified_gmt":"2025-11-22T15:45:06","slug":"przykladowa-strona","status":"publish","type":"page","link":"http:\/\/dykalska.com\/","title":{"rendered":"O mnie"},"content":{"rendered":"\n<div class=\"wp-block-columns is-layout-flex wp-container-core-columns-is-layout-9d6595d7 wp-block-columns-is-layout-flex\">\n<div class=\"wp-block-column is-layout-flow wp-block-column-is-layout-flow\">\n<p class=\"has-text-align-center\">Jestem doktorem psychologii z wieloletnim do\u015bwiadczeniem w pracy z dzie\u0107mi i m\u0142odzie\u017c\u0105, pracuj\u0119 r\u00f3wnie\u017c na Uniwersytecie Gda\u0144skim prowadz\u0105c zaj\u0119cia ze studentami.<br><br>Posiadam uprawnienia do diagnozy <span style=\"text-decoration: underline;\">dzieci jak i os\u00f3b doros\u0142ych<\/span>: ADHD, dysleksji, dysortografii <br>i dyskalkulii oraz innych zaburze\u0144 rozwoju takich jak spektrum autyzmu itp.<br><br>Prowadz\u0119 tak\u017ce terapi\u0119 w nurcie TSR (Terapia Skoncentrowana na Rozwi\u0105zaniach)- znajduj\u0119 si\u0119 <br>w procesie certyfikacji na terapeut\u0119 PSTTSR, regularnie superwizuj\u0119 swoj\u0105 prac\u0119.<br><br>Zapraszam na indywidualne konsultacje wspieraj\u0105ce (r\u00f3wnie\u017c w sytuacjach oko\u0142orozwodowych) oraz zaj\u0119cia grupowe dla rodzic\u00f3w rozwijaj\u0105ce kompetencje wychowawcze.<br><br>Uko\u0144czy\u0142am studia podyplomowe\u00a0z zakresu mediacji i rozwi\u0105zywania konflikt\u00f3w, w tym <br>w sprawach s\u0105dowych\u00a0oraz gospodarczych. <br><br>Wsp\u00f3\u0142pracuj\u0119 z o\u015brodkami naukowymi na terenie Tr\u00f3jmiasta, w swojej ofercie posiadam r\u00f3wnie\u017c tutoring (rozwojowy i akademicki).<br><br>Jak mog\u0119 Ci pom\u00f3c?<\/p>\n<\/div>\n\n\n\n<div class=\"wp-block-column is-layout-flow wp-block-column-is-layout-flow\">\n<div class=\"wp-block-group has-small-font-size is-content-justification-space-between is-nowrap is-layout-flex wp-container-core-group-is-layout-0dfbf163 wp-block-group-is-layout-flex\">\n<figure class=\"wp-block-image size-full is-style-default\"><img loading=\"lazy\" decoding=\"async\" width=\"1363\" height=\"2048\" src=\"http:\/\/dykalska.com\/wp-content\/uploads\/2025\/01\/1.jpg\" alt=\"\" class=\"wp-image-205\" srcset=\"http:\/\/dykalska.com\/wp-content\/uploads\/2025\/01\/1.jpg 1363w, http:\/\/dykalska.com\/wp-content\/uploads\/2025\/01\/1-200x300.jpg 200w, http:\/\/dykalska.com\/wp-content\/uploads\/2025\/01\/1-682x1024.jpg 682w, http:\/\/dykalska.com\/wp-content\/uploads\/2025\/01\/1-768x1154.jpg 768w, http:\/\/dykalska.com\/wp-content\/uploads\/2025\/01\/1-1022x1536.jpg 1022w, http:\/\/dykalska.com\/wp-content\/uploads\/2025\/01\/1-40x60.jpg 40w\" sizes=\"auto, (max-width: 1363px) 100vw, 1363px\" \/><\/figure>\n<\/div>\n<\/div>\n<\/div>\n\n\n\n<p>Uprzejmie informuj\u0119, \u017ce w moim gabinecie obowi\u0105zuj\u0105 Standardy ochrony ma\u0142oletnich zgodne z Ustaw\u0105 z dnia 28 lipca 2023 r. o zmianie ustawy \u2013 Kodeks rodzinny i opieku\u0144czy (tzw. Ustawa o ochronie ma\u0142oletnich). Znajdziesz je <a href=\"http:\/\/dykalska.com\/wp-content\/uploads\/2024\/08\/Polityka-ochrony-maloletnich-procedura.doc\">tutaj<\/a><\/p>\n","protected":false},"excerpt":{"rendered":"<p>Jestem doktorem psychologii z wieloletnim do\u015bwiadczeniem w pracy z dzie\u0107mi i m\u0142odzie\u017c\u0105, pracuj\u0119 r\u00f3wnie\u017c na Uniwersytecie Gda\u0144skim prowadz\u0105c zaj\u0119cia ze studentami. Posiadam uprawnienia do diagnozy dzieci jak i os\u00f3b doros\u0142ych: ADHD, dysleksji, dysortografii i dyskalkulii oraz innych zaburze\u0144 rozwoju takich jak spektrum autyzmu itp. Prowadz\u0119 tak\u017ce terapi\u0119 w nurcie TSR (Terapia Skoncentrowana na Rozwi\u0105zaniach)- znajduj\u0119 &hellip; <\/p>\n","protected":false},"author":1,"featured_media":0,"parent":0,"menu_order":0,"comment_status":"closed","ping_status":"open","template":"","meta":{"footnotes":""},"class_list":["post-2","page","type-page","status-publish","hentry"],"_links":{"self":[{"href":"http:\/\/dykalska.com\/index.php\/wp-json\/wp\/v2\/pages\/2","targetHints":{"allow":["GET"]}}],"collection":[{"href":"http:\/\/dykalska.com\/index.php\/wp-json\/wp\/v2\/pages"}],"about":[{"href":"http:\/\/dykalska.com\/index.php\/wp-json\/wp\/v2\/types\/page"}],"author":[{"embeddable":true,"href":"http:\/\/dykalska.com\/index.php\/wp-json\/wp\/v2\/users\/1"}],"replies":[{"embeddable":true,"href":"http:\/\/dykalska.com\/index.php\/wp-json\/wp\/v2\/comments?post=2"}],"version-history":[{"count":26,"href":"http:\/\/dykalska.com\/index.php\/wp-json\/wp\/v2\/pages\/2\/revisions"}],"predecessor-version":[{"id":232,"href":"http:\/\/dykalska.com\/index.php\/wp-json\/wp\/v2\/pages\/2\/revisions\/232"}],"wp:attachment":[{"href":"http:\/\/dykalska.com\/index.php\/wp-json\/wp\/v2\/media?parent=2"}],"curies":[{"name":"wp","href":"https:\/\/api.w.org\/{rel}","templated":true}]}}